{"id":2593,"date":"2019-08-16T18:43:11","date_gmt":"2019-08-16T18:43:11","guid":{"rendered":"https:\/\/almeidaambiental.com.br\/ambiental\/?page_id=2593"},"modified":"2022-10-11T18:16:26","modified_gmt":"2022-10-11T18:16:26","slug":"grupo-almeida","status":"publish","type":"page","link":"https:\/\/almeidaambiental.com.br\/ambiental\/grupo-almeida\/","title":{"rendered":"GRUPO ALMEIDA"},"content":{"rendered":"<div class=\"mp-row-fluid motopress-row mpce-dsbl-margin-left mpce-dsbl-margin-right\">\n<div class=\"motopress-clmn mp-span12  mpce-dsbl-margin-left mpce-dsbl-margin-right\">\n<p><\/p><div class=\"vce-row-container\"><div id=\"el-ed4201aa\" class=\"vce-row vce-element--has-background vce-row--col-gap-30 vce-row-equal-height vce-row-columns--middle vce-row-content--middle\" data-vce-full-width=\"true\" data-vce-do-apply=\"all el-ed4201aa\"><div class=\"vce-content-background-container\">\u00a0<\/div><div class=\"vce-row-content\" style=\"padding-left: 336.5px; padding-right: 336.5px;\" data-vce-element-content=\"true\"><div id=\"el-c02102c5\" class=\"vce-col vce-col--md-50p vce-col--xs-1 vce-col--xs-last vce-col--xs-first vce-col--sm-last vce-col--sm-first vce-col--md-first vce-col--lg-first vce-col--xl-first\"><div class=\"vce-col-inner\" data-vce-do-apply=\"border margin background el-c02102c5\"><div class=\"vce-col-content\" data-vce-element-content=\"true\" data-vce-do-apply=\"padding el-c02102c5\"><div class=\"vce-single-image-container vce-single-image--align-center\"><div id=\"el-eaf335d9\" class=\"vce vce-single-image-wrapper\" data-vce-do-apply=\"all el-eaf335d9\"><figure><div class=\"vce-single-image-inner vce-single-image--absolute\" style=\"padding-bottom: 75.3%; width: 1000px;\"><img decoding=\"async\" class=\"vce-single-image\" title=\"foto_a_almeida_02\" src=\"https:\/\/almeidaambiental.com.br\/ambiental\/wp-content\/uploads\/2019\/08\/foto_a_almeida_02.jpg\" alt=\"\" data-img-src=\"https:\/\/almeidaambiental.com.br\/ambiental\/wp-content\/uploads\/2019\/08\/foto_a_almeida_02.jpg\" \/><\/div><\/figure><\/div><\/div><\/div><\/div><\/div><div id=\"el-037efffa\" class=\"vce-col vce-col--md-50p vce-col--xs-1 vce-col--xs-last vce-col--xs-first vce-col--sm-last vce-col--sm-first vce-col--md-last vce-col--lg-last vce-col--xl-last\"><div class=\"vce-col-inner\" data-vce-do-apply=\"border margin background el-037efffa\"><div class=\"vce-col-content\" data-vce-element-content=\"true\" data-vce-do-apply=\"padding el-037efffa\"><div class=\"vce-text-block\"><div id=\"el-ffd59d12\" class=\"vce-text-block-wrapper vce\" data-vce-do-apply=\"all el-ffd59d12\"><h2>Hist\u00f3ria<\/h2><p>Em setembro de 1985, na cidade de S\u00e3o Jos\u00e9\/SC, a coragem e o amor fizeram a fam\u00edlia Almeida migrar de Chapec\u00f3, para a capital do estado, onde deram os primeiros passos da Almeida Com\u00e9rcio de Papel.<\/p><p>Inicialmente a empresa coletava e triava papel e papel\u00e3o para suprir a demanda da ind\u00fastria da regi\u00e3o. Com o passar dos anos e as mudan\u00e7as de comportamento do mercado e da sociedade, a Almeida ampliou suas atividades triando e comercializando os mais diversos res\u00edduos s\u00f3lidos e mudando seus objetivos.<\/p><p>Sua mudan\u00e7a estrat\u00e9gica levou a Almeida at\u00e9 a Alemanha, onde conheceu as maiores empresas de tecnologia ambiental do mundo. Nos anos seguintes, sendo pioneira na \u00e1rea, a Almeida apresentou ao mercado brasileiro os compactadores, prensas e trituradores que transformaram o modelo brasileiro de armazenar e transportar res\u00edduos.<\/p><p>Hoje, o grupo Almeida \u00e9 dividido em tr\u00eas empresas: Almeida Ambiental, Almeida Equipamentos e Saturno Ambiental. A Saturno se juntou ao grupo em 2021, com o objetivo de nos aproximar cada vez mais de nossos clientes, fornecendo ainda melhores solu\u00e7\u00f5es de apoio \u00e0 gest\u00e3o de res\u00edduos e sustentabilidade ambiental.<\/p><\/div><\/div><\/div><\/div><\/div><\/div><\/div><\/div><div class=\"vce-row-container\"><div id=\"el-7270b784\" class=\"vce-row vce-row--col-gap-30 vce-row-columns--top vce-row-content--top\" data-vce-do-apply=\"all el-7270b784\"><div class=\"vce-row-content\" data-vce-element-content=\"true\"><div id=\"el-9c0f00a5\" class=\"vce-col vce-col--md-auto vce-col--xs-1 vce-col--xs-last vce-col--xs-first vce-col--sm-last vce-col--sm-first vce-col--md-last vce-col--lg-last vce-col--xl-last vce-col--md-first vce-col--lg-first vce-col--xl-first\"><div class=\"vce-col-inner\" data-vce-do-apply=\"border margin background el-9c0f00a5\"><div class=\"vce-col-content\" data-vce-element-content=\"true\" data-vce-do-apply=\"padding el-9c0f00a5\"><div class=\"vce-image-gallery vce-image-gallery--gap-10 vce-image-gallery--columns-4\"><div id=\"el-598f9ec2\" class=\"vce-image-gallery-wrapper vce\" data-vce-do-apply=\"all el-598f9ec2\"><div class=\"vce-image-gallery-list\"><div class=\"vce-image-gallery-item\"><figure class=\"vce-image-gallery-item-inner-wrapper\"><div class=\"vce-image-gallery-item-inner\"><img decoding=\"async\" class=\"vce-image-gallery-img\" title=\"foto_a_almeida_01b\" src=\"https:\/\/almeidaambiental.com.br\/ambiental\/wp-content\/uploads\/2019\/08\/foto_a_almeida_01b.jpg\" alt=\"\" \/><\/div><\/figure><\/div><div class=\"vce-image-gallery-item\"><figure class=\"vce-image-gallery-item-inner-wrapper\"><div class=\"vce-image-gallery-item-inner\"><img decoding=\"async\" class=\"vce-image-gallery-img\" title=\"foto_a_almeida_02\" src=\"https:\/\/almeidaambiental.com.br\/ambiental\/wp-content\/uploads\/2019\/08\/foto_a_almeida_02.jpeg\" alt=\"\" \/><\/div><\/figure><\/div><div class=\"vce-image-gallery-item\"><figure class=\"vce-image-gallery-item-inner-wrapper\"><div class=\"vce-image-gallery-item-inner\"><img decoding=\"async\" class=\"vce-image-gallery-img\" title=\"foto_a_almeida_03b\" src=\"https:\/\/almeidaambiental.com.br\/ambiental\/wp-content\/uploads\/2019\/08\/foto_a_almeida_04.jpeg\" alt=\"\" \/><\/div><\/figure><\/div><div class=\"vce-image-gallery-item\"><figure class=\"vce-image-gallery-item-inner-wrapper\"><div class=\"vce-image-gallery-item-inner\"><img decoding=\"async\" class=\"vce-image-gallery-img\" title=\"foto_a_almeida_04\" src=\"https:\/\/almeidaambiental.com.br\/ambiental\/wp-content\/uploads\/2019\/08\/foto_a_almeida_07.jpeg\" alt=\"\" \/><\/div><\/figure><\/div><div class=\"vce-image-gallery-item\"><figure class=\"vce-image-gallery-item-inner-wrapper\"><div class=\"vce-image-gallery-item-inner\"><img decoding=\"async\" class=\"vce-image-gallery-img\" title=\"foto_a_almeida_05\" src=\"https:\/\/almeidaambiental.com.br\/ambiental\/wp-content\/uploads\/2019\/08\/foto_a_almeida_03b.jpg\" alt=\"\" \/><\/div><\/figure><\/div><div class=\"vce-image-gallery-item\"><figure class=\"vce-image-gallery-item-inner-wrapper\"><div class=\"vce-image-gallery-item-inner\"><img decoding=\"async\" class=\"vce-image-gallery-img\" title=\"foto_a_almeida_06b\" src=\"https:\/\/almeidaambiental.com.br\/ambiental\/wp-content\/uploads\/2019\/08\/foto_a_almeida_6.jpg\" alt=\"\" \/><\/div><\/figure><\/div><div class=\"vce-image-gallery-item\"><figure class=\"vce-image-gallery-item-inner-wrapper\"><div class=\"vce-image-gallery-item-inner\"><img decoding=\"async\" class=\"vce-image-gallery-img\" title=\"foto_a_almeida_07\" src=\"https:\/\/almeidaambiental.com.br\/ambiental\/wp-content\/uploads\/2019\/08\/foto_a_almeida_7.jpg\" alt=\"\" \/><\/div><\/figure><\/div><div class=\"vce-image-gallery-item\"><figure class=\"vce-image-gallery-item-inner-wrapper\"><div class=\"vce-image-gallery-item-inner\"><img decoding=\"async\" class=\"vce-image-gallery-img\" title=\"foto_a_almeida_08\" src=\"https:\/\/almeidaambiental.com.br\/ambiental\/wp-content\/uploads\/2019\/08\/foto_a_almeida_8.jpg\" alt=\"\" \/><\/div><\/figure><\/div><\/div><\/div><\/div><\/div><\/div><\/div><\/div><\/div><\/div><div class=\"vce-row-container\"><div id=\"el-eb9681f4\" class=\"vce-row vce-element--has-background vce-row--col-gap-30 vce-row-columns--top vce-row-content--top\" data-vce-full-width=\"true\" data-vce-do-apply=\"all el-eb9681f4\"><div class=\"vce-content-background-container\"><div class=\"vce-asset-parallax-container vce-visible-all-only\" data-vce-assets-parallax=\".vce-asset-parallax\"><div class=\"vce-asset-parallax\" style=\"top: -30vh; bottom: -30vh; transform: translateY(-3.77277vh);\"><div class=\"vce-asset-background-simple-container vce-visible-all-only vce-asset-background-simple--style-cover vce-asset-background-simple--position-center-top\"><div class=\"vce-asset-background-simple\"><div class=\"vce-asset-background-simple-item\" style=\"background-image: url('https:\/\/almeidaambiental.com.br\/ambiental\/wp-content\/uploads\/2019\/08\/parallax_1_novo.jpg');\">\u00a0<\/div><\/div><\/div><\/div><\/div><\/div><div class=\"vce-row-content\" style=\"padding-left: 336.5px; padding-right: 336.5px;\" data-vce-element-content=\"true\"><div id=\"el-81e61f6c\" class=\"vce-col vce-col--md-100p vce-col--xs-1 vce-col--xs-last vce-col--xs-first vce-col--sm-last vce-col--sm-first vce-col--md-last vce-col--lg-last vce-col--xl-last vce-col--md-first vce-col--lg-first vce-col--xl-first\"><div class=\"vce-col-inner\" data-vce-do-apply=\"border margin background el-81e61f6c\"><div class=\"vce-col-content\" data-vce-element-content=\"true\" data-vce-do-apply=\"padding el-81e61f6c\"><div class=\"vce-google-fonts-heading vce-google-fonts-heading--align-center vce-google-fonts-heading--color-b-255-255-255--45--5C00FF--FF7200 vce-google-fonts-heading--font-family-Montserrat\"><div class=\"vce-google-fonts-heading-wrapper\"><div id=\"el-fb3ad32a\" class=\"vce-google-fonts-heading--background vce\" data-vce-do-apply=\"border background padding margin el-fb3ad32a\"><h2 class=\"vce-google-fonts-heading-inner\" style=\"font-size: 40px; font-weight: 400;\">Reciclando hoje, preservando o amanh\u00e3<\/h2><\/div><\/div><\/div><\/div><\/div><\/div><\/div><\/div><\/div><div class=\"vce-row-container\"><div id=\"el-e8a856c1\" class=\"vce-row vce-row--col-gap-30 vce-row-columns--top vce-row-content--top\" data-vce-do-apply=\"all el-e8a856c1\"><div class=\"vce-content-background-container\">\u00a0<\/div><div class=\"vce-row-content\" data-vce-element-content=\"true\"><div id=\"el-1c5dcde4\" class=\"vce-col vce-col--md-auto vce-col--xs-1 vce-col--xs-last vce-col--xs-first vce-col--sm-last vce-col--sm-first vce-col--md-first vce-col--lg-first vce-col--xl-first\"><div class=\"vce-col-inner\" data-vce-do-apply=\"border margin background el-1c5dcde4\"><div class=\"vce-col-content\" data-vce-element-content=\"true\" data-vce-do-apply=\"padding el-1c5dcde4\"><div class=\"vce-single-image-container vce-single-image--align-left\"><div id=\"el-1b87c1ba\" class=\"vce vce-single-image-wrapper\" data-vce-do-apply=\"all el-1b87c1ba\"><figure><div class=\"vce-single-image-inner vce-single-image--absolute\" style=\"padding-bottom: 100%; width: 70px;\"><img loading=\"lazy\" decoding=\"async\" class=\"vce-single-image\" title=\"icone_missao3\" src=\"https:\/\/almeidaambiental.com.br\/ambiental\/wp-content\/uploads\/2020\/01\/icone_missao3-70x70.png\" srcset=\"https:\/\/almeidaambiental.com.br\/ambiental\/wp-content\/uploads\/2020\/01\/icone_missao3-70x70.png 70w\" alt=\"\" width=\"70\" height=\"70\" data-img-src=\"https:\/\/almeidaambiental.com.br\/ambiental\/wp-content\/uploads\/2019\/09\/icone_missao3.png\" \/><\/div><\/figure><\/div><\/div><div class=\"vce-text-block\"><div id=\"el-e8226301\" class=\"vce-text-block-wrapper vce\" data-vce-do-apply=\"all el-e8226301\"><h2>Miss\u00e3o<\/h2><p>Satisfazer as necessidades de nossos clientes,<br \/>por meio de atendimento de excel\u00eancia<br \/>e compet\u00eancia t\u00e9cnica, visando o bem-estar<br \/>ambiental e da sociedade.<\/p><\/div><\/div><\/div><\/div><\/div><div id=\"el-a8f64e57\" class=\"vce-col vce-col--md-auto vce-col--xs-1 vce-col--xs-last vce-col--xs-first vce-col--sm-last vce-col--sm-first\"><div class=\"vce-col-inner\" data-vce-do-apply=\"border margin background el-a8f64e57\"><div class=\"vce-col-content\" data-vce-element-content=\"true\" data-vce-do-apply=\"padding el-a8f64e57\"><div class=\"vce-single-image-container vce-single-image--align-left\"><div id=\"el-8fcb21cc\" class=\"vce vce-single-image-wrapper\" data-vce-do-apply=\"all el-8fcb21cc\"><figure><div class=\"vce-single-image-inner vce-single-image--absolute\" style=\"padding-bottom: 100%; width: 70px;\"><img loading=\"lazy\" decoding=\"async\" class=\"vce-single-image\" title=\"icone_visao3\" src=\"https:\/\/almeidaambiental.com.br\/ambiental\/wp-content\/uploads\/2020\/01\/icone_visao3-70x70.png\" srcset=\"https:\/\/almeidaambiental.com.br\/ambiental\/wp-content\/uploads\/2020\/01\/icone_visao3-70x70.png 70w\" alt=\"\" width=\"70\" height=\"70\" data-img-src=\"https:\/\/almeidaambiental.com.br\/ambiental\/wp-content\/uploads\/2019\/09\/icone_visao3.png\" \/><\/div><\/figure><\/div><\/div><div class=\"vce-text-block\"><div id=\"el-e78bf77d\" class=\"vce-text-block-wrapper vce\" data-vce-do-apply=\"all el-e78bf77d\"><h2>Vis\u00e3o<\/h2><p>Ser a mais tecnol\u00f3gica empresa do Sul do Brasil na coleta e distribui\u00e7\u00e3o de aparas de papel e pl\u00e1stico, contribuindo por uma sociedade mais sustent\u00e1vel social e ambientalmente.<\/p><\/div><\/div><\/div><\/div><\/div><div id=\"el-b594046f\" class=\"vce-col vce-col--md-auto vce-col--xs-1 vce-col--xs-last vce-col--xs-first vce-col--sm-last vce-col--sm-first vce-col--md-last vce-col--lg-last vce-col--xl-last\"><div class=\"vce-col-inner\" data-vce-do-apply=\"border margin background el-b594046f\"><div class=\"vce-col-content\" data-vce-element-content=\"true\" data-vce-do-apply=\"padding el-b594046f\"><div class=\"vce-single-image-container vce-single-image--align-left\"><div id=\"el-1d5c9981\" class=\"vce vce-single-image-wrapper\" data-vce-do-apply=\"all el-1d5c9981\"><figure><div class=\"vce-single-image-inner vce-single-image--absolute\" style=\"padding-bottom: 100%; width: 70px;\"><img loading=\"lazy\" decoding=\"async\" class=\"vce-single-image\" title=\"icone_valores3\" src=\"https:\/\/almeidaambiental.com.br\/ambiental\/wp-content\/uploads\/2020\/01\/icone_valores3-70x70.png\" srcset=\"https:\/\/almeidaambiental.com.br\/ambiental\/wp-content\/uploads\/2020\/01\/icone_valores3-70x70.png 70w\" alt=\"\" width=\"70\" height=\"70\" data-img-src=\"https:\/\/almeidaambiental.com.br\/ambiental\/wp-content\/uploads\/2019\/09\/icone_valores3.png\" \/><\/div><\/figure><\/div><\/div><div class=\"vce-text-block\"><div id=\"el-dcc5a3cb\" class=\"vce-text-block-wrapper vce\" data-vce-do-apply=\"all el-dcc5a3cb\"><h2>Valores<\/h2><p>a) \u00c9tica;<br \/>b) Valoriza\u00e7\u00e3o das pessoas;<br \/>c) Esp\u00edrito de equipe;<br \/>d) Respeito ao cliente;<br \/>e) Transpar\u00eancia nas negocia\u00e7\u00f5es;<br \/>f) Responsabilidade social e ambiental.<\/p><\/div><\/div><\/div><\/div><\/div><\/div><\/div><\/div><div class=\"vce-row-container\"><div id=\"el-ebea3b79\" class=\"vce-row vce-element--has-background vce-row--col-gap-30 vce-row-columns--top vce-row-content--top\" data-vce-full-width=\"true\" data-vce-do-apply=\"all el-ebea3b79\"><div class=\"vce-content-background-container\">\u00a0<\/div><div class=\"vce-row-content\" style=\"padding-left: 336.5px; padding-right: 336.5px;\" data-vce-element-content=\"true\"><div id=\"el-21c2e01a\" class=\"vce-col vce-col--md-66-66p vce-col--xs-1 vce-col--xs-last vce-col--xs-first vce-col--sm-last vce-col--sm-first vce-col--md-first vce-col--lg-first vce-col--xl-first\"><div class=\"vce-col-inner\" data-vce-do-apply=\"border margin background el-21c2e01a\"><div class=\"vce-col-content\" data-vce-element-content=\"true\" data-vce-do-apply=\"padding el-21c2e01a\"><div class=\"vce-google-fonts-heading vce-google-fonts-heading--align-left vce-google-fonts-heading--color-b-255-255-255--45--5C00FF--FF7200 vce-google-fonts-heading--font-family-Montserrat\"><div class=\"vce-google-fonts-heading-wrapper\"><div id=\"el-eb376754\" class=\"vce-google-fonts-heading--background vce\" data-vce-do-apply=\"border background padding margin el-eb376754\"><h2 class=\"vce-google-fonts-heading-inner\" style=\"font-weight: 400;\">Conhe\u00e7a nossas solu\u00e7\u00f5es revolucion\u00e1rias<\/h2><\/div><\/div><\/div><\/div><\/div><\/div><div id=\"el-2d8e5b37\" class=\"vce-col vce-col--md-33-34p vce-col--xs-1 vce-col--xs-last vce-col--xs-first vce-col--sm-last vce-col--sm-first vce-col--md-last vce-col--lg-last vce-col--xl-last\"><div class=\"vce-col-inner\" data-vce-do-apply=\"border margin background el-2d8e5b37\"><div class=\"vce-col-content\" data-vce-element-content=\"true\" data-vce-do-apply=\"padding el-2d8e5b37\"><div class=\"vce-button--style-outline-container vce-button--style-outline-container--align-left\"><a href=\"https:\/\/almeidaambiental.com.br\/ambiental\/solucoes\/\"><span id=\"el-dc1cf25d\" class=\"vce-button--style-outline-wrapper vce\" data-vce-do-apply=\"margin el-dc1cf25d\"><button class=\"vce-button--style-outline-animated vce-button--style-outline--border-square vce-button--style-outline--size-medium vce-button--style-outline-animated--color-e3e3e3--b-17-86-6--3d3d3d vce-button--style-outline-animated--border-color-e3e3e3--3d3d3d vce-button--style-outline-animated--background-color-b-255-255-255\" data-vce-do-apply=\"padding border background el-dc1cf25d\"><span class=\"vce-button--style-outline-text\">CAT\u00c1LOGO<\/span><\/button><\/span><\/a><\/div><\/div><\/div><\/div><\/div><\/div><\/div><div class=\"vce-row-container\"><div id=\"el-e81ae60d\" class=\"vce-row vce-row--col-gap-30 vce-row-columns--top vce-row-content--top\" data-vce-do-apply=\"all el-e81ae60d\"><div class=\"vce-content-background-container\">\u00a0<\/div><div class=\"vce-row-content\" data-vce-element-content=\"true\"><div id=\"el-ef8b290e\" class=\"vce-col vce-col--md-auto vce-col--xs-1 vce-col--xs-last vce-col--xs-first vce-col--sm-last vce-col--sm-first vce-col--md-first vce-col--lg-first vce-col--xl-first\"><div class=\"vce-col-inner\" data-vce-do-apply=\"border margin background el-ef8b290e\"><div class=\"vce-col-content\" data-vce-element-content=\"true\" data-vce-do-apply=\"padding el-ef8b290e\"><div class=\"vce-text-block\"><div id=\"el-44aeadfd\" class=\"vce-text-block-wrapper vce\" data-vce-do-apply=\"all el-44aeadfd\"><h2>Objetivo<\/h2><p><span style=\"color: #333333;\"><br \/><span style=\"color: #808080;\">Nosso objetivo \u00e9 compartilhar os conhecimentos adquiridos h\u00e1 trinta anos no setor de servi\u00e7os ambientais, fazendo com que nossos clientes alcancem a m\u00e1xima efici\u00eancia, e sustentabilidade.<\/span><\/span><\/p><p><span style=\"color: #808080;\">Conte com a Almeida para tornar sua empresa mais sustent\u00e1vel.<\/span><\/p><\/div><\/div><\/div><\/div><\/div><div id=\"el-f9c49a3c\" class=\"vce-col vce-col--md-auto vce-col--xs-1 vce-col--xs-last vce-col--xs-first vce-col--sm-last vce-col--sm-first vce-col--md-last vce-col--lg-last vce-col--xl-last\"><div class=\"vce-col-inner\" data-vce-do-apply=\"border margin background el-f9c49a3c\"><div class=\"vce-col-content\" data-vce-element-content=\"true\" data-vce-do-apply=\"padding el-f9c49a3c\"><div class=\"vce-text-block\"><div id=\"el-80b17c46\" class=\"vce-text-block-wrapper vce\" data-vce-do-apply=\"all el-80b17c46\"><h2>Diferencial<\/h2><p class=\"Default\"><span style=\"color: windowtext;\"><br \/><span style=\"color: #808080;\">N\u00f3s prestamos um servi\u00e7o de excel\u00eancia e fornecemos solu\u00e7\u00f5es adaptadas ao seu problema. Nosso grande diferencial est\u00e1 no conhecimento t\u00e9cnico e do setor de servi\u00e7os ambientais, o que n\u00f3s torna referencia no setor.<\/span><\/span><\/p><\/div><\/div><\/div><\/div><\/div><\/div><\/div><\/div><div class=\"vce-row-container\"><div id=\"el-b46f86df\" class=\"vce-row vce-row--col-gap-30 vce-row-columns--top vce-row-content--top\" data-vce-do-apply=\"all el-b46f86df\"><div class=\"vce-row-content\" data-vce-element-content=\"true\"><div id=\"el-57f33b24\" class=\"vce-col vce-col--md-auto vce-col--xs-1 vce-col--xs-last vce-col--xs-first vce-col--sm-last vce-col--sm-first vce-col--md-last vce-col--lg-last vce-col--xl-last vce-col--md-first vce-col--lg-first vce-col--xl-first\"><div class=\"vce-col-inner\" data-vce-do-apply=\"border margin background el-57f33b24\"><div class=\"vce-col-content\" data-vce-element-content=\"true\" data-vce-do-apply=\"padding el-57f33b24\">\u00a0<\/div><\/div><\/div><\/div><\/div><\/div><p>\n<\/p>\n<\/div>\n<\/div>\n","protected":false},"excerpt":{"rendered":"\u00a0Hist\u00f3riaEm setembro de 1985, na cidade de S\u00e3o Jos\u00e9\/SC, a coragem e o amor fizeram a fam\u00edlia Almeida migrar de Chapec\u00f3, para a capital do estado, onde deram os primeiros passos da Almeida Com\u00e9rcio de Papel.Inicialmente a empresa coletava e triava papel e papel\u00e3o para suprir a demanda da ind\u00fastria da regi\u00e3o. Com o passar dos anos e as mudan\u00e7as&nbsp;<a href=\"https:\/\/almeidaambiental.com.br\/ambiental\/grupo-almeida\/\" class=\"read-more\">Continue Reading<\/a>","protected":false},"author":1,"featured_media":0,"parent":0,"menu_order":0,"comment_status":"closed","ping_status":"closed","template":"page-fullwidth.php","meta":{"pagelayer_contact_templates":[],"_pagelayer_content":"","footnotes":""},"class_list":["post-2593","page","type-page","status-publish","hentry"],"_links":{"self":[{"href":"https:\/\/almeidaambiental.com.br\/ambiental\/wp-json\/wp\/v2\/pages\/2593","targetHints":{"allow":["GET"]}}],"collection":[{"href":"https:\/\/almeidaambiental.com.br\/ambiental\/wp-json\/wp\/v2\/pages"}],"about":[{"href":"https:\/\/almeidaambiental.com.br\/ambiental\/wp-json\/wp\/v2\/types\/page"}],"author":[{"embeddable":true,"href":"https:\/\/almeidaambiental.com.br\/ambiental\/wp-json\/wp\/v2\/users\/1"}],"replies":[{"embeddable":true,"href":"https:\/\/almeidaambiental.com.br\/ambiental\/wp-json\/wp\/v2\/comments?post=2593"}],"version-history":[{"count":45,"href":"https:\/\/almeidaambiental.com.br\/ambiental\/wp-json\/wp\/v2\/pages\/2593\/revisions"}],"predecessor-version":[{"id":3145,"href":"https:\/\/almeidaambiental.com.br\/ambiental\/wp-json\/wp\/v2\/pages\/2593\/revisions\/3145"}],"wp:attachment":[{"href":"https:\/\/almeidaambiental.com.br\/ambiental\/wp-json\/wp\/v2\/media?parent=2593"}],"curies":[{"name":"wp","href":"https:\/\/api.w.org\/{rel}","templated":true}]}}