{"id":3064,"date":"2020-11-10T18:24:35","date_gmt":"2020-11-10T18:24:35","guid":{"rendered":"https:\/\/almeidaambiental.com.br\/ambiental\/?page_id=3064"},"modified":"2022-10-11T17:50:43","modified_gmt":"2022-10-11T17:50:43","slug":"servicos","status":"publish","type":"page","link":"https:\/\/almeidaambiental.com.br\/ambiental\/servicos\/","title":{"rendered":"Servicos"},"content":{"rendered":"<div class=\"vce-row-container\" data-vce-boxed-width=\"true\"><div class=\"vce-row vce-row--col-gap-30 vce-row-content--top\" id=\"el-a4df0109\" data-vce-do-apply=\"all el-a4df0109\"><div class=\"vce-content-background-container\"><\/div><div class=\"vce-row-content\" data-vce-element-content=\"true\"><div class=\"vce-col vce-col--md-auto vce-col--xs-1 vce-col--xs-last vce-col--xs-first vce-col--sm-last vce-col--sm-first vce-col--md-last vce-col--lg-last vce-col--xl-last vce-col--md-first vce-col--lg-first vce-col--xl-first\" id=\"el-9c32d1f0\"><div class=\"vce-col-inner\" data-vce-do-apply=\"border margin background  el-9c32d1f0\"><div class=\"vce-col-content\" data-vce-element-content=\"true\" data-vce-do-apply=\"padding el-9c32d1f0\"><div class=\"vce-google-fonts-heading vce-google-fonts-heading--align-left vce-google-fonts-heading--color-empty--45--5C00FF--FF7200 vce-google-fonts-heading--font-family-Montserrat\"><div class=\"vce-google-fonts-heading-wrapper\"><div class=\"vce-google-fonts-heading--background vce\" id=\"el-45899c86\" data-vce-do-apply=\"border background  padding margin el-45899c86\"><h2 class=\"vce-google-fonts-heading-inner\" style=\"font-size: 40px; font-weight: 700; font-style: normal;\">Encontre o servi\u00e7o ideal para a sua necessidade<\/h2><\/div><\/div><\/div><\/div><\/div><\/div><\/div><\/div><\/div><div class=\"vce-row-container\" data-vce-boxed-width=\"true\"><div class=\"vce-row vce-row--col-gap-30 vce-row-content--top\" id=\"el-40add850\" data-vce-do-apply=\"all el-40add850\"><div class=\"vce-row-content\" data-vce-element-content=\"true\"><div class=\"vce-col vce-col--md-auto vce-col--xs-1 vce-col--xs-last vce-col--xs-first vce-col--sm-last vce-col--sm-first vce-col--md-first vce-col--lg-first vce-col--xl-first\" id=\"el-60a8d852\"><div class=\"vce-col-inner\" data-vce-do-apply=\"border margin background  el-60a8d852\"><div class=\"vce-col-content\" data-vce-element-content=\"true\" data-vce-do-apply=\"padding el-60a8d852\"><div class=\"vce-single-image-container vce-single-image--align-left\"><div class=\"vce vce-single-image-wrapper\" id=\"el-2f634bfa\" data-vce-do-apply=\"all el-2f634bfa\"><figure><div class=\"vce-single-image-figure-inner\" style=\"width: 370px;\"><div class=\"vce-single-image-inner vce-single-image--absolute\" style=\"width: 100%; padding-bottom: 75.6757%;\"><img loading=\"lazy\" decoding=\"async\" class=\"vce-single-image\"  width=\"370\" height=\"280\" srcset=\"https:\/\/almeidaambiental.com.br\/ambiental\/wp-content\/uploads\/2022\/10\/Foto_Pag_Servicos_Coleta_Nova-320x242.jpg 320w, https:\/\/almeidaambiental.com.br\/ambiental\/wp-content\/uploads\/2022\/10\/Foto_Pag_Servicos_Coleta_Nova-370x280.jpg 370w\" src=\"https:\/\/almeidaambiental.com.br\/ambiental\/wp-content\/uploads\/2022\/10\/Foto_Pag_Servicos_Coleta_Nova-370x280.jpg\" data-img-src=\"https:\/\/almeidaambiental.com.br\/ambiental\/wp-content\/uploads\/2020\/11\/Foto_Pag_Servicos_Coleta_Nova.jpg\" data-attachment-id=\"3091\"  alt=\"\" title=\"Foto_Pag_Servicos_Coleta_Nova\" \/><\/div><\/div><figcaption hidden=\"\"><\/figcaption><\/figure><\/div><\/div><div class=\"vce-text-block\"><div class=\"vce-text-block-wrapper vce\" id=\"el-ab206d14\" data-vce-do-apply=\"all el-ab206d14\"><h2><span style=\"font-size: 26pt;\">Coleta de Res\u00edduos<\/span><\/h2><p><br>Coleta r\u00e1pida e eficiente, quando e onde voc\u00ea precisar.<\/p><\/div><\/div><div class=\"vce-button--style-basic-container vce-button--style-basic-container--align-left\"><span class=\"vce-button--style-basic-wrapper vce\" id=\"el-09791227\" data-vce-do-apply=\"margin el-09791227\"><a class=\"vce-button vce-button--style-basic vce-button--style-basic--border-square vce-button--style-basic--size-medium vce-button--style-basic--color-b-7-67-1--fff\" href=\"https:\/\/almeidaambiental.com.br\/ambiental\/coleta\/\" title=\"\" data-vce-do-apply=\"padding border background  el-09791227\">Confira<\/a><\/span><\/div><\/div><\/div><\/div><div class=\"vce-col vce-col--md-auto vce-col--xs-1 vce-col--xs-last vce-col--xs-first vce-col--sm-last vce-col--sm-first\" id=\"el-4e780e62\"><div class=\"vce-col-inner\" data-vce-do-apply=\"border margin background  el-4e780e62\"><div class=\"vce-col-content\" data-vce-element-content=\"true\" data-vce-do-apply=\"padding el-4e780e62\"><div class=\"vce-single-image-container vce-single-image--align-center\"><div class=\"vce vce-single-image-wrapper\" id=\"el-4084e79f\" data-vce-do-apply=\"all el-4084e79f\"><figure><div class=\"vce-single-image-figure-inner\" style=\"width: 370px;\"><div class=\"vce-single-image-inner vce-single-image--absolute\" style=\"width: 100%; padding-bottom: 75.6757%;\"><img loading=\"lazy\" decoding=\"async\" class=\"vce-single-image\"  width=\"370\" height=\"280\" srcset=\"https:\/\/almeidaambiental.com.br\/ambiental\/wp-content\/uploads\/2022\/10\/Foto_Pag_Servicos_Triagem_Nova-320x242.jpg 320w, https:\/\/almeidaambiental.com.br\/ambiental\/wp-content\/uploads\/2022\/10\/Foto_Pag_Servicos_Triagem_Nova-370x280.jpg 370w\" src=\"https:\/\/almeidaambiental.com.br\/ambiental\/wp-content\/uploads\/2022\/10\/Foto_Pag_Servicos_Triagem_Nova-370x280.jpg\" data-img-src=\"https:\/\/almeidaambiental.com.br\/ambiental\/wp-content\/uploads\/2020\/11\/Foto_Pag_Servicos_Triagem_Nova.jpg\" data-attachment-id=\"3083\"  alt=\"\" title=\"Foto_Pag_Servicos_Triagem_Nova\" \/><\/div><\/div><figcaption hidden=\"\"><\/figcaption><\/figure><\/div><\/div><div class=\"vce-text-block\"><div class=\"vce-text-block-wrapper vce\" id=\"el-36bbe1fc\" data-vce-do-apply=\"all el-36bbe1fc\"><h2><span style=\"font-size: 26pt;\">Triagem e Classifica\u00e7\u00e3o<\/span><\/h2><p><br>O destino correto para o seu re\u00edduo<\/p><\/div><\/div><div class=\"vce-button--style-basic-container vce-button--style-basic-container--align-left\"><span class=\"vce-button--style-basic-wrapper vce\" id=\"el-b94b5865\" data-vce-do-apply=\"margin el-b94b5865\"><a class=\"vce-button vce-button--style-basic vce-button--style-basic--border-square vce-button--style-basic--size-medium vce-button--style-basic--color-b-7-67-1--fff\" href=\"https:\/\/almeidaambiental.com.br\/ambiental\/triagem\/\" title=\"\" data-vce-do-apply=\"padding border background  el-b94b5865\">Confira<\/a><\/span><\/div><\/div><\/div><\/div><div class=\"vce-col vce-col--md-auto vce-col--xs-1 vce-col--xs-last vce-col--xs-first vce-col--sm-last vce-col--sm-first vce-col--md-last vce-col--lg-last vce-col--xl-last\" id=\"el-47b08546\"><div class=\"vce-col-inner\" data-vce-do-apply=\"border margin background  el-47b08546\"><div class=\"vce-col-content\" data-vce-element-content=\"true\" data-vce-do-apply=\"padding el-47b08546\"><div class=\"vce-single-image-container vce-single-image--align-center\"><div class=\"vce vce-single-image-wrapper\" id=\"el-1a4009fc\" data-vce-do-apply=\"all el-1a4009fc\"><figure><div class=\"vce-single-image-figure-inner\" style=\"width: 370px;\"><div class=\"vce-single-image-inner vce-single-image--absolute\" style=\"width: 100%; padding-bottom: 75.6757%;\"><img loading=\"lazy\" decoding=\"async\" class=\"vce-single-image\"  width=\"370\" height=\"280\" srcset=\"https:\/\/almeidaambiental.com.br\/ambiental\/wp-content\/uploads\/2022\/10\/Foto_Pag_Servicos_Trituracao_Nova-320x242.jpg 320w, https:\/\/almeidaambiental.com.br\/ambiental\/wp-content\/uploads\/2022\/10\/Foto_Pag_Servicos_Trituracao_Nova-370x280.jpg 370w\" src=\"https:\/\/almeidaambiental.com.br\/ambiental\/wp-content\/uploads\/2022\/10\/Foto_Pag_Servicos_Trituracao_Nova-370x280.jpg\" data-img-src=\"https:\/\/almeidaambiental.com.br\/ambiental\/wp-content\/uploads\/2020\/11\/Foto_Pag_Servicos_Trituracao_Nova.jpg\" data-attachment-id=\"3084\"  alt=\"\" title=\"Foto_Pag_Servicos_Trituracao_Nova\" \/><\/div><\/div><figcaption hidden=\"\"><\/figcaption><\/figure><\/div><\/div><div class=\"vce-text-block\"><div class=\"vce-text-block-wrapper vce\" id=\"el-2f78462a\" data-vce-do-apply=\"all el-2f78462a\"><h2><span style=\"font-size: 26pt;\">Tritura\u00e7\u00e3o<\/span><\/h2><p><br>Descaracteriza\u00e7\u00e3o r\u00e1pida, eficiente e segura.<\/p><\/div><\/div><div class=\"vce-button--style-basic-container vce-button--style-basic-container--align-left\"><span class=\"vce-button--style-basic-wrapper vce\" id=\"el-e6026034\" data-vce-do-apply=\"margin el-e6026034\"><a class=\"vce-button vce-button--style-basic vce-button--style-basic--border-square vce-button--style-basic--size-medium vce-button--style-basic--color-b-7-67-1--fff\" href=\"https:\/\/almeidaambiental.com.br\/ambiental\/trituracao\/\" title=\"\" data-vce-do-apply=\"padding border background  el-e6026034\">Confira<\/a><\/span><\/div><\/div><\/div><\/div><\/div><\/div><\/div><div class=\"vce-row-container\" data-vce-boxed-width=\"true\"><div class=\"vce-row vce-row--col-gap-30 vce-row-equal-height vce-row-content--top\" id=\"el-8eb67dd4\" data-vce-do-apply=\"all el-8eb67dd4\"><div class=\"vce-row-content\" data-vce-element-content=\"true\"><div class=\"vce-col vce-col--md-auto vce-col--xs-1 vce-col--xs-last vce-col--xs-first vce-col--sm-last vce-col--sm-first vce-col--md-last vce-col--lg-last vce-col--xl-last vce-col--md-first vce-col--lg-first vce-col--xl-first\" id=\"el-21df5b16\"><div class=\"vce-col-inner\" data-vce-do-apply=\"border margin background  el-21df5b16\"><div class=\"vce-col-content\" data-vce-element-content=\"true\" data-vce-do-apply=\"padding el-21df5b16\"><div class=\"vce-yt-video-player vce-yt-video-player--align-left vce-yt-video-player--size-1280x720\"><div class=\"vce vce-yt-video-player-wrapper\" id=\"el-6f146be7\" data-vce-do-apply=\"all el-6f146be7\" style=\"width: 1280px;\"><div class=\"vce-yt-video-player-inner\"><iframe loading=\"lazy\" class=\"vce-yt-video-player-iframe\" src=\"https:\/\/www.youtube.com\/embed\/bIqxtaUraX8?autoplay=0&amp;mute=0&amp;color=red&amp;controls=1&amp;loop=0&amp;rel=0&amp;start=0&amp;cc_load_policy=0&amp;iv_load_policy=3&amp;enablejsapi=1\" width=\"640\" height=\"390\" allowfullscreen=\"\" title=\"YouTube video\"><\/iframe><\/div><\/div><\/div><\/div><\/div><\/div><\/div><\/div><\/div>\n","protected":false},"excerpt":{"rendered":"Encontre o servi\u00e7o ideal para a sua necessidadeColeta de Res\u00edduosColeta r\u00e1pida e eficiente, quando e onde voc\u00ea precisar.ConfiraTriagem e Classifica\u00e7\u00e3oO destino correto para o seu re\u00edduoConfiraTritura\u00e7\u00e3oDescaracteriza\u00e7\u00e3o r\u00e1pida, eficiente e segura.Confira","protected":false},"author":1,"featured_media":0,"parent":0,"menu_order":0,"comment_status":"closed","ping_status":"closed","template":"page-fullwidth.php","meta":{"pagelayer_contact_templates":[],"_pagelayer_content":"","footnotes":""},"class_list":["post-3064","page","type-page","status-publish","hentry"],"_links":{"self":[{"href":"https:\/\/almeidaambiental.com.br\/ambiental\/wp-json\/wp\/v2\/pages\/3064","targetHints":{"allow":["GET"]}}],"collection":[{"href":"https:\/\/almeidaambiental.com.br\/ambiental\/wp-json\/wp\/v2\/pages"}],"about":[{"href":"https:\/\/almeidaambiental.com.br\/ambiental\/wp-json\/wp\/v2\/types\/page"}],"author":[{"embeddable":true,"href":"https:\/\/almeidaambiental.com.br\/ambiental\/wp-json\/wp\/v2\/users\/1"}],"replies":[{"embeddable":true,"href":"https:\/\/almeidaambiental.com.br\/ambiental\/wp-json\/wp\/v2\/comments?post=3064"}],"version-history":[{"count":7,"href":"https:\/\/almeidaambiental.com.br\/ambiental\/wp-json\/wp\/v2\/pages\/3064\/revisions"}],"predecessor-version":[{"id":3143,"href":"https:\/\/almeidaambiental.com.br\/ambiental\/wp-json\/wp\/v2\/pages\/3064\/revisions\/3143"}],"wp:attachment":[{"href":"https:\/\/almeidaambiental.com.br\/ambiental\/wp-json\/wp\/v2\/media?parent=3064"}],"curies":[{"name":"wp","href":"https:\/\/api.w.org\/{rel}","templated":true}]}}