{"id":14,"date":"2011-07-14T19:47:05","date_gmt":"2011-07-14T19:47:05","guid":{"rendered":"https:\/\/almeidaambiental.com.br\/equipamentos\/contacts\/"},"modified":"2022-03-18T13:16:45","modified_gmt":"2022-03-18T13:16:45","slug":"contatos","status":"publish","type":"page","link":"https:\/\/almeidaambiental.com.br\/equipamentos\/contatos\/","title":{"rendered":"Contatos"},"content":{"rendered":"<div class=\"vce-row-container\" data-vce-boxed-width=\"true\"><div class=\"vce-row vce-row--col-gap-30 vce-row-equal-height vce-row-content--top\" id=\"el-7101b859\" data-vce-do-apply=\"all el-7101b859\"><div class=\"vce-row-content\" data-vce-element-content=\"true\"><div class=\"vce-col vce-col--md-auto vce-col--xs-1 vce-col--xs-last vce-col--xs-first vce-col--sm-last vce-col--sm-first vce-col--md-last vce-col--lg-last vce-col--xl-last vce-col--md-first vce-col--lg-first vce-col--xl-first\" id=\"el-1bb09182\"><div class=\"vce-col-inner\" data-vce-do-apply=\"border margin background  el-1bb09182\"><div class=\"vce-col-content\" data-vce-element-content=\"true\" data-vce-do-apply=\"padding el-1bb09182\"><div class=\"vce-text-block\"><div class=\"vce-text-block-wrapper vce\" id=\"el-b8cd054d\" data-vce-do-apply=\"all el-b8cd054d\"><p><div class=\"row \"> <div class=\"span12 \"><iframe loading=\"lazy\" style=\"border: 0;\" src=\"https:\/\/www.google.com\/maps\/embed?pb=!1m18!1m12!1m3!1d3536.0590369894926!2d-48.622648049462015!3d-27.59169922842388!2m3!1f0!2f0!3f0!3m2!1i1024!2i768!4f13.1!3m3!1m2!1s0x952749e72aaaa99d%3A0x3d53d5267876afb4!2sAlmeida+Com%C3%A9rcio+de+Papel!5e0!3m2!1spt-BR!2sbr!4v1565035696413!5m2!1spt-BR!2sbr\" width=\"1600\" height=\"300\" frameborder=\"0\" allowfullscreen=\"allowfullscreen\"><div class=\"google-map-api maps_inner\"><div id=\"map-canvas-53952062\" class=\"gmap\"><\/div><\/div><script type=\"text\/javascript\">\n     google_api_map_init_53952062();\n     function google_api_map_init_53952062(){\n      var map;\n      var coordData = new google.maps.LatLng(parseFloat(-27.5916992), parseFloat(-48.622648));\n      var marker;\n\n      function initialize() {\n       var mapOptions = {\n        zoom: 12,\n        center: coordData,\n        scrollwheel: false,\n        mapTypeControl: false,\n        streetViewControl: false,\n        panControl: false,\n        zoomControl: false,\n        styles: [\n          {\n            \"featureType\": \"water\",\n            \"elementType\": \"geometry.fill\",\n            \"stylers\": [\n              { \"color\": \"#cacaca\" }\n            ]\n          },{\n            \"featureType\": \"landscape\",\n            \"stylers\": [\n              { \"visibility\": \"on\" },\n              { \"saturation\": -100 }\n            ]\n          },  {\n            \"featureType\": \"administrative\",\n            \"stylers\": [\n              { \"visibility\": \"on\" },\n              { \"saturation\": -100 }\n            ]\n          },  {\n            \"featureType\": \"poi\",\n            \"stylers\": [\n              { \"visibility\": \"on\" },\n              { \"saturation\": -100 }\n            ]\n          },{\n            \"featureType\": \"road\",\n            \"stylers\": [\n              { \"visibility\": \"on\" },\n              { \"saturation\": -100 }\n            ]\n          }, {\n            \"featureType\": \"water\",\n            \"stylers\": [\n              { \"visibility\": \"on\" },\n              { \"saturation\": -100 }\n            ]\n          },  {\n            \"featureType\": \"transit\",\n            \"stylers\": [\n              { \"visibility\": \"on\" },\n              { \"saturation\": -100 }\n            ]\n          }\n        ]\n       }\n       var map = new google.maps.Map(document.getElementById(\"map-canvas-53952062\"), mapOptions);\n       var image = \"https:\/\/almeidaambiental.com.br\/equipamentos\/wp-content\/themes\/theme53093\/images\/marker.png\";\n       marker = new google.maps.Marker({\n        map:map,\n        draggable:true,\n        position: coordData,\n        icon: image\n       });\n      }\n      google.maps.event.addDomListener(window, \"load\", initialize);\n     }\n     \n   <\/script><\/iframe> <div class=\"spacer\"><\/div><!-- .spacer (end) --><\/div> <div class=\"span4 \">\n<h2>Contatos<\/h2>\n<h5>Entre em contato conosco. Teremos o maior prazer em lhe atender.<\/h5>\n<p>Preencha corretamente o formul\u00e1rio ao lado ou entre em contato atrav\u00e9s de algum meio disponibilizado abaixo. <address> <strong>Almeida Equipamentos <br \/>Esquina com - Rua Francisco Severino de Souza, <br \/>R. Gov. Jos\u00e9 Boabaid - Distrito Industrial, S\u00e3o Jos\u00e9 - SC, CEP 88104-760.<\/strong> Telefone: +55 (48) 3259-4444 FAX: +55 (48) 3259-4444 E-mail: <a href=\"mailto:contato@almeidaambiental.com.br\">contato@almeidaambiental.com.br<\/a> <\/address><!-- address (end) --><\/div> <div class=\"span8 \">\n<h2>Formul\u00e1rio de contato<\/h2>\n<p>\n<div class=\"wpcf7 no-js\" id=\"wpcf7-f208-o1\" lang=\"en-US\" dir=\"ltr\" data-wpcf7-id=\"208\">\n<div class=\"screen-reader-response\"><p role=\"status\" aria-live=\"polite\" aria-atomic=\"true\"><\/p> <ul><\/ul><\/div>\n<form action=\"\/equipamentos\/wp-json\/wp\/v2\/pages\/14#wpcf7-f208-o1\" method=\"post\" class=\"wpcf7-form init\" aria-label=\"Contact form\" novalidate=\"novalidate\" data-status=\"init\">\n<fieldset class=\"hidden-fields-container\"><input type=\"hidden\" name=\"_wpcf7\" value=\"208\" \/><input type=\"hidden\" name=\"_wpcf7_version\" value=\"6.1.5\" \/><input type=\"hidden\" name=\"_wpcf7_locale\" value=\"en_US\" \/><input type=\"hidden\" name=\"_wpcf7_unit_tag\" value=\"wpcf7-f208-o1\" \/><input type=\"hidden\" name=\"_wpcf7_container_post\" value=\"0\" \/><input type=\"hidden\" name=\"_wpcf7_posted_data_hash\" value=\"\" \/>\n<\/fieldset>\n<div class=\"row-fluid\">\n\t<p class=\"span4 field\"><span class=\"wpcf7-form-control-wrap\" data-name=\"your-name\"><input size=\"40\" maxlength=\"400\" class=\"wpcf7-form-control wpcf7-text wpcf7-validates-as-required\" aria-required=\"true\" aria-invalid=\"false\" placeholder=\"Nome:\" value=\"\" type=\"text\" name=\"your-name\" \/><\/span>\n\t<\/p>\n\t<p class=\"span4 field\"><span class=\"wpcf7-form-control-wrap\" data-name=\"your-email\"><input size=\"40\" maxlength=\"400\" class=\"wpcf7-form-control wpcf7-email wpcf7-validates-as-required wpcf7-text wpcf7-validates-as-email\" aria-required=\"true\" aria-invalid=\"false\" placeholder=\"E-mail:\" value=\"\" type=\"email\" name=\"your-email\" \/><\/span>\n\t<\/p>\n\t<p class=\"span4 field\"><span class=\"wpcf7-form-control-wrap\" data-name=\"your-phone\"><input size=\"40\" maxlength=\"400\" class=\"wpcf7-form-control wpcf7-text\" aria-invalid=\"false\" placeholder=\"Fone:\" value=\"\" type=\"text\" name=\"your-phone\" \/><\/span>\n\t<\/p>\n<\/div>\n<p class=\"field\"><span class=\"wpcf7-form-control-wrap\" data-name=\"your-message\"><textarea cols=\"40\" rows=\"10\" maxlength=\"2000\" class=\"wpcf7-form-control wpcf7-textarea\" aria-invalid=\"false\" placeholder=\"Mensagem:\" name=\"your-message\"><\/textarea><\/span>\n<\/p>\n<p class=\"submit-wrap\"><input type=\"reset\" value=\"limpar\" class=\"btn btn-primary\" \/><input class=\"wpcf7-form-control wpcf7-submit has-spinner btn btn-primary\" type=\"submit\" value=\"enviar\" \/>\n<\/p><p style=\"display: none !important;\" class=\"akismet-fields-container\" data-prefix=\"_wpcf7_ak_\"><label>&#916;<textarea name=\"_wpcf7_ak_hp_textarea\" cols=\"45\" rows=\"8\" maxlength=\"100\"><\/textarea><\/label><input type=\"hidden\" id=\"ak_js_1\" name=\"_wpcf7_ak_js\" value=\"189\"\/><script>document.getElementById( \"ak_js_1\" ).setAttribute( \"value\", ( new Date() ).getTime() );<\/script><\/p><div class=\"wpcf7-response-output\" aria-hidden=\"true\"><\/div>\n<\/form>\n<\/div>\n<\/div> <\/div><!-- .row (end) --><\/p>\n<\/div><\/div><\/div><\/div><\/div><\/div><\/div><\/div>","protected":false},"excerpt":{"rendered":"","protected":false},"author":1,"featured_media":0,"parent":0,"menu_order":6,"comment_status":"open","ping_status":"closed","template":"page-fullwidth.php","meta":{"footnotes":""},"class_list":["post-14","page","type-page","status-publish","hentry"],"_links":{"self":[{"href":"https:\/\/almeidaambiental.com.br\/equipamentos\/wp-json\/wp\/v2\/pages\/14","targetHints":{"allow":["GET"]}}],"collection":[{"href":"https:\/\/almeidaambiental.com.br\/equipamentos\/wp-json\/wp\/v2\/pages"}],"about":[{"href":"https:\/\/almeidaambiental.com.br\/equipamentos\/wp-json\/wp\/v2\/types\/page"}],"author":[{"embeddable":true,"href":"https:\/\/almeidaambiental.com.br\/equipamentos\/wp-json\/wp\/v2\/users\/1"}],"replies":[{"embeddable":true,"href":"https:\/\/almeidaambiental.com.br\/equipamentos\/wp-json\/wp\/v2\/comments?post=14"}],"version-history":[{"count":7,"href":"https:\/\/almeidaambiental.com.br\/equipamentos\/wp-json\/wp\/v2\/pages\/14\/revisions"}],"predecessor-version":[{"id":2950,"href":"https:\/\/almeidaambiental.com.br\/equipamentos\/wp-json\/wp\/v2\/pages\/14\/revisions\/2950"}],"wp:attachment":[{"href":"https:\/\/almeidaambiental.com.br\/equipamentos\/wp-json\/wp\/v2\/media?parent=14"}],"curies":[{"name":"wp","href":"https:\/\/api.w.org\/{rel}","templated":true}]}}