{"id":203,"date":"2011-09-14T09:45:02","date_gmt":"2011-09-14T09:45:02","guid":{"rendered":"https:\/\/almeidaambiental.com.br\/equipamentos\/"},"modified":"2022-10-18T20:42:14","modified_gmt":"2022-10-18T20:42:14","slug":"home","status":"publish","type":"page","link":"https:\/\/almeidaambiental.com.br\/equipamentos\/","title":{"rendered":"Home"},"content":{"rendered":"<div  class=\"mp-row-fluid motopress-row\"> <div class=\"mp-span12 motopress-clmn\">\r\n<div class=\"vce-row-container\" data-vce-boxed-width=\"true\">\r\n<div id=\"el-bd251fff\" class=\"vce-row vce-row--col-gap-30 vce-row-equal-height vce-row-content--top\" data-vce-do-apply=\"all el-bd251fff\">\r\n<div class=\"vce-row-content\" data-vce-element-content=\"true\">\r\n<div id=\"el-f880a49e\" class=\"vce-col vce-col--md-auto vce-col--xs-1 vce-col--xs-last vce-col--xs-first vce-col--sm-last vce-col--sm-first vce-col--md-last vce-col--lg-last vce-col--xl-last vce-col--md-first vce-col--lg-first vce-col--xl-first\">\r\n<div class=\"vce-col-inner\" data-vce-do-apply=\"border margin background el-f880a49e\">\r\n<div class=\"vce-col-content\" data-vce-element-content=\"true\" data-vce-do-apply=\"padding el-f880a49e\">\r\n<div class=\"vce-text-block\">\r\n<div id=\"el-7fd19ba2\" class=\"vce-text-block-wrapper vce\" data-vce-do-apply=\"all el-7fd19ba2\">\r\n\r\n<div class=\"row \">\r\n\r\n<div class=\"span4 \"><div class=\"service-box extraservicebox_1\"><figure class=\"icon\"><img decoding=\"async\" src=\"https:\/\/almeidaambiental.com.br\/equipamentos\/wp-content\/themes\/theme53093\/images\/icon1.png\" alt=\"\" \/><\/figure><div class=\"service-box_body\"><h2 class=\"title\">Diferencial<\/h2><h5 class=\"sub-title\">CONHECIMENTO E EXCEL\u00caNCIA<\/h5><div class=\"service-box_txt\">N\u00f3s prestamos um servi\u00e7o de excel\u00eancia e fornecemos solu\u00e7\u00f5es adaptadas ao seu problema. Nosso grande diferencial est\u00e1 no conhecimento t\u00e9cnico e do setor de servi\u00e7os ambientais.<\/div><div class=\"btn-align\"><a href=\"https:\/\/almeidaambiental.com.br\/equipamentos\/a-almeida\/\" title=\"Read more\" class=\"btn btn-inverse btn-normal btn-primary \" target=\"_self\">Read more<\/a><\/div><\/div><\/div><!-- \/Service Box --><\/div>\r\n\r\n<div class=\"span4 \"><div class=\"service-box extraservicebox_1\"><figure class=\"icon\"><img decoding=\"async\" src=\"https:\/\/almeidaambiental.com.br\/equipamentos\/wp-content\/themes\/theme53093\/images\/icon2.png\" alt=\"\" \/><\/figure><div class=\"service-box_body\"><h2 class=\"title\">Objetivo<\/h2><h5 class=\"sub-title\">FAZER VOC\u00ca ALCAN\u00c7AR A M\u00c1XIMA EFICI\u00caNCIA<\/h5><div class=\"service-box_txt\">Nosso objetivo \u00e9 compartilhar os conhecimentos adquiridos em mais de 30 anos no setor de servi\u00e7os ambientais, levando nossos clientes \u00e0 efici\u00eancia log\u00edstica e seu ponto de equil\u00edbrio.<\/div><div class=\"btn-align\"><a href=\"https:\/\/almeidaambiental.com.br\/equipamentos\/a-almeida\/\" title=\"Read more\" class=\"btn btn-inverse btn-normal btn-primary \" target=\"_self\">Read more<\/a><\/div><\/div><\/div><!-- \/Service Box --><\/div>\r\n\r\n<div class=\"span4 \"><div class=\"service-box extraservicebox_1\"><figure class=\"icon\"><img decoding=\"async\" src=\"https:\/\/almeidaambiental.com.br\/equipamentos\/wp-content\/themes\/theme53093\/images\/icon3.png\" alt=\"\" \/><\/figure><div class=\"service-box_body\"><h2 class=\"title\">Solu\u00e7\u00f5es<\/h2><h5 class=\"sub-title\">A MELHOR M\u00c1QUINA PARA A SUA NECESSIDADE<\/h5><div class=\"service-box_txt\">Dispomos de um portif\u00f3lio completo de equipamentos capazes de trazer a solu\u00e7\u00e3o adequada para v\u00e1rios tipos de necessidades. Conhe\u00e7a agora mesmo os nossos produtos<\/div><div class=\"btn-align\"><a href=\"https:\/\/almeidaambiental.com.br\/equipamentos\/solucoes\/\" title=\"Read more\" class=\"btn btn-inverse btn-normal btn-primary \" target=\"_self\">Read more<\/a><\/div><\/div><\/div><!-- \/Service Box --><\/div>\r\n\r\n<\/div><!-- .row (end) -->\r\n\r\n<section class=\"parallax-box image-parallax-boxparallax1\" ><div class=\"parallax-content\">\r\n<h2>nosso portif\u00f3lio<\/h2>\r\n<div class=\"row \">\r\n\r\n<div class=\"span3 adv_style1\"><figure class=\"alignleft icons_adv\"><img decoding=\"async\" src=\"https:\/\/almeidaambiental.com.br\/equipamentos\/wp-content\/themes\/theme53093\/images\/iconSweets\/icon_adv_1.png\" alt=\"\"><\/figure>\r\n\r\n<a href=\"https:\/\/almeidaambiental.com.br\/equipamentos\/compactadores\/\">COMPACTADORES<\/a><\/div>\r\n\r\n<div class=\"span3 adv_style1\"><figure class=\"alignleft icons_adv\"><img decoding=\"async\" src=\"https:\/\/almeidaambiental.com.br\/equipamentos\/wp-content\/themes\/theme53093\/images\/iconSweets\/icon_adv_3.png\" alt=\"\"><\/figure>\r\n\r\n<a href=\"https:\/\/almeidaambiental.com.br\/equipamentos\/prensas\/\">PRENSAS<\/a><\/div>\r\n\r\n<div class=\"span3 adv_style1\"><figure class=\"alignleft icons_adv\"><img decoding=\"async\" src=\"https:\/\/almeidaambiental.com.br\/equipamentos\/wp-content\/themes\/theme53093\/images\/iconSweets\/icon_adv_2.png\" alt=\"\"><\/figure>\r\n\r\n<a href=\"https:\/\/almeidaambiental.com.br\/equipamentos\/compactador-crocodile\/\">DESIDRATADORES<\/a><\/div>\r\n\r\n<div class=\"span3 adv_style1\"><figure class=\"alignleft icons_adv\"><img decoding=\"async\" src=\"https:\/\/almeidaambiental.com.br\/equipamentos\/wp-content\/themes\/theme53093\/images\/iconSweets\/icon_adv_4.png\" alt=\"\"><\/figure>\r\n\r\n<a href=\"https:\/\/almeidaambiental.com.br\/\">ALMEIDA AMBIENTAL<\/a><\/div>\r\n\r\n<\/div><!-- .row (end) -->\r\n\r\n<div class=\"clear\"><\/div><\/div><div class=\"parallax-bg\" data-parallax-type=\"image\" data-img-url=\"https:\/\/almeidaambiental.com.br\/equipamentos\/wp-content\/uploads\/2019\/05\/parallax_1.jpg\" data-speed=\"normal\" data-invert=\"false\" ><\/div><\/section>\r\n\r\n<div class=\"content_box extrabox_1 \">\r\n\r\n<div class=\"row \">\r\n\r\n<div class=\"span8 \"><iframe loading=\"lazy\" title=\"ALMEIDA AMBIENTAL - EFICIENTE, R\u00c1PIDO E SUSTENT\u00c1VEL\" width=\"604\" height=\"340\" src=\"https:\/\/www.youtube.com\/embed\/3aMw2iMagAE?feature=oembed\" frameborder=\"0\" allow=\"accelerometer; autoplay; clipboard-write; encrypted-media; gyroscope; picture-in-picture; web-share\" referrerpolicy=\"strict-origin-when-cross-origin\" allowfullscreen><\/iframe><\/div>\r\n\r\n<div class=\"span3 \"><h1><strong><span style=\"color: #ffffff;\">Confira\r\nnosso v\u00eddeo\r\ninstitucional<\/span><\/strong><\/h1><\/div>\r\n\r\n<\/div><!-- .row (end) -->\r\n\r\n<div class=\"clear\"><\/div><\/div><!-- .content_box (end) -->\r\n\r\n<div class=\"row \">\r\n\r\n<div class=\"span8 \"><h2>O que o Brasil fala da Almeida<\/h2>\r\n<script type=\"text\/javascript\">\n\t\t\t\t\t\tjQuery(window).load(function() {\n\t\t\t\t\t\t\tjQuery(\"#flexslider_wygybptktk\").flexslider({\n\t\t\t\t\t\t\t\tanimation: \"slide\",\n\t\t\t\t\t\t\t\tsmoothHeight : true,\n\t\t\t\t\t\t\t\tdirectionNav: false,\n\t\t\t\t\t\t\t\tcontrolNav: true,\n\t\t\t\t\t\t\t\trtl: false\n\t\t\t\t\t\t\t});\n\t\t\t\t\t\t});<\/script><div id=\"flexslider_wygybptktk\" class=\"flexslider no-bg extratesti_1\"><ul class=\"slides\"><li class=\"list-item-0\"><h5><a href=\"https:\/\/almeidaambiental.com.br\/equipamentos\/testimonial-view\/depoimento-1\/\" title=\"Depoimento &#8211; Felipe Basso\">Depoimento &#8211; Felipe Basso<\/a><\/h5><div class=\"post_options\"><span class=\"user\">Felipe Basso<\/span>, <span class=\"info\">Gerente Comercial Operacional da CTS<\/span><br><\/div><p class=\"excerpt\"><span class=\"user\">Felipe Basso<\/span> Conhecemos o equipamento em 2014 em um dos maiores stands da maior feira de meio ambiente do mundo: IFAT na Alemanha. Desde ent\u00e3o adquirimos in\u00fameros compactadores que ca\u00edram como uma luva \u00e0s necessidades dos nossos clientes. Reduzimos a m\u00e3o de obra e devido \u00e0 garantia de satisfa\u00e7\u00e3o plena, fidelizamos os fornecedores. Otimizamos as coletas obtendo&hellip;<\/p><a href=\"https:\/\/almeidaambiental.com.br\/equipamentos\/testimonial-view\/depoimento-1\/\" class=\"btn btn-primary\" title=\"Depoimento &#8211; Felipe Basso\">mais<\/a><\/li><\/ul><\/div><\/div>\r\n\r\n<div class=\"span3 \"><h2>Qual sua necessidade?<\/h2>\r\n<div class=\"list styled arrow-list\">\r\n<ul>\r\n \t<li><a href=\"https:\/\/almeidaambiental.com.br\/ambiental\/coleta\/\">Coleta<\/a><\/li>\r\n \t<li><a href=\"https:\/\/almeidaambiental.com.br\/ambiental\/triagem\/\">Triagem<\/a><\/li>\r\n \t<li><a href=\"https:\/\/almeidaambiental.com.br\/ambiental\/trituracao\/\">Tritura\u00e7\u00e3o<\/a><\/li>\r\n<\/ul>\r\n<\/div><\/div>\r\n\r\n<\/div><!-- .row (end) -->\r\n\r\n<div class=\"extra-wrap extramap\">\r\n\r\n<div class=\"content_box extrabgmap \">\r\n\r\n<img loading=\"lazy\" decoding=\"async\" class=\" size-full wp-image-1994 aligncenter\" src=\"https:\/\/almeidaambiental.com.br\/ambiental\/wp-content\/uploads\/2019\/05\/mapmark.png\" alt=\"mapmark\" width=\"34\" height=\"46\" \/>\r\n<p style=\"text-align: center;\">Esquina com - Rua Francisco Severino de Souza,\r\n\r\nR. Gov. Jos\u00e9 Boabaid - Distrito Industrial,\r\n\r\nS\u00e3o Jos\u00e9-SC | CEP 88104-760<\/p>\r\n<p style=\"text-align: center;\"><a href=\"mailto:contato@almeidaambiental.com.br\" title=\"Read more\" class=\"btn btn-link btn-normal btn-inline extramailbutton\" target=\"_self\">Read more<\/a><!-- .btn -->\r\n<div class=\"clear\"><\/div><\/div><!-- .content_box (end) -->\r\n\r\n<iframe loading=\"lazy\" style=\"border: 0;\" src=\"https:\/\/www.google.com\/maps\/embed?pb=!1m18!1m12!1m3!1d3536.0590369894926!2d-48.622648049462015!3d-27.59169922842388!2m3!1f0!2f0!3f0!3m2!1i1024!2i768!4f13.1!3m3!1m2!1s0x952749e72aaaa99d%3A0x3d53d5267876afb4!2sAlmeida+Com%C3%A9rcio+de+Papel!5e0!3m2!1spt-BR!2sbr!4v1565035696413!5m2!1spt-BR!2sbr\" width=\"2000\" height=\"500\" frameborder=\"0\" allowfullscreen=\"allowfullscreen\" data-mce-fragment=\"1\"><div class=\"google-map-api maps_inner\"><div id=\"map-canvas-376731023\" class=\"gmap\"><\/div><\/div><script type=\"text\/javascript\">\n     google_api_map_init_376731023();\n     function google_api_map_init_376731023(){\n      var map;\n      var coordData = new google.maps.LatLng(parseFloat(-27.5916992), parseFloat(-48.622648));\n      var marker;\n\n      function initialize() {\n       var mapOptions = {\n        zoom: 12,\n        center: coordData,\n        scrollwheel: false,\n        mapTypeControl: false,\n        streetViewControl: false,\n        panControl: false,\n        zoomControl: false,\n        styles: [\n          {\n            \"featureType\": \"water\",\n            \"elementType\": \"geometry.fill\",\n            \"stylers\": [\n              { \"color\": \"#cacaca\" }\n            ]\n          },{\n            \"featureType\": \"landscape\",\n            \"stylers\": [\n              { \"visibility\": \"on\" },\n              { \"saturation\": -100 }\n            ]\n          },  {\n            \"featureType\": \"administrative\",\n            \"stylers\": [\n              { \"visibility\": \"on\" },\n              { \"saturation\": -100 }\n            ]\n          },  {\n            \"featureType\": \"poi\",\n            \"stylers\": [\n              { \"visibility\": \"on\" },\n              { \"saturation\": -100 }\n            ]\n          },{\n            \"featureType\": \"road\",\n            \"stylers\": [\n              { \"visibility\": \"on\" },\n              { \"saturation\": -100 }\n            ]\n          }, {\n            \"featureType\": \"water\",\n            \"stylers\": [\n              { \"visibility\": \"on\" },\n              { \"saturation\": -100 }\n            ]\n          },  {\n            \"featureType\": \"transit\",\n            \"stylers\": [\n              { \"visibility\": \"on\" },\n              { \"saturation\": -100 }\n            ]\n          }\n        ]\n       }\n       var map = new google.maps.Map(document.getElementById(\"map-canvas-376731023\"), mapOptions);\n       var image = \"https:\/\/almeidaambiental.com.br\/equipamentos\/wp-content\/themes\/theme53093\/images\/marker.png\";\n       marker = new google.maps.Marker({\n        map:map,\n        draggable:true,\n        position: coordData,\n        icon: image\n       });\n      }\n      google.maps.event.addDomListener(window, \"load\", initialize);\n     }\n     \n   <\/script><\/iframe>\r\n\r\n<\/div>\r\n\r\n<div class=\"content_box extrabox_1 \">\r\n\r\n<div class=\"row \">\r\n\r\n<div class=\"span7 \">Conhe\u00e7a nossos Servi\u00e7os<\/div>\r\n\r\n<div class=\"span5 \"><a href=\"https:\/\/almeidaambiental.com.br\/ambiental\/servicos\/\" title=\"Solu\u00e7\u00f5es\" class=\"btn btn-primary btn-normal btn-inline \" target=\"_self\">Solu\u00e7\u00f5es<\/a><!-- .btn --><\/div>\r\n\r\n<\/div><!-- .row (end) -->\r\n\r\n<div class=\"clear\"><\/div><\/div><!-- .content_box (end) -->\r\n\r\n<div class=\"content_box extrabox_2 \">\r\n\r\n<div class=\"row \">\r\n\r\n<div class=\"span3 \"><img loading=\"lazy\" decoding=\"async\" class=\"alignnone size-full wp-image-2000\" src=\"https:\/\/almeidaambiental.com.br\/ambiental\/wp-content\/uploads\/2019\/05\/page1_img1.jpg\" alt=\"page1_img1\" width=\"270\" height=\"242\" \/><\/div>\r\n\r\n<div class=\"span5 \"><h3>A Almeida Ambiental\r\natua no setor de gest\u00e3o de res\u00edduos\r\ndesde 1985<\/h3>\r\nQueremos continuar contribuindo por uma sociedade mais sustent\u00e1vel social e ambientalmente, vamos juntos?\r\n\r\n<a href=\"https:\/\/almeidaambiental.com.br\/ambiental\/a-almeida\/\" title=\"leia mais\" class=\"btn btn-link btn-normal btn-inline extralink_1\" target=\"_self\">leia mais<\/a><!-- .btn --><\/div>\r\n\r\n<div class=\"span1 \"><div class=\"vertical-divider\"><\/div><!-- divider (end) --><\/div>\r\n\r\n<div class=\"span3 \"><div class=\"list styled arrow-list\">\r\n<ul>\r\n \t<li><a>\u00c9tica<\/a><\/li>\r\n \t<li><a>Valoriza\u00e7\u00e3o das pessoas<\/a><\/li>\r\n \t<li><a>Esp\u00edrito de equipe<\/a><\/li>\r\n \t<li><a>Respeito ao cliente<\/a><\/li>\r\n \t<li><a>Transpar\u00eancia<\/a><\/li>\r\n \t<li><a>Responsabilidade<\/a><\/li>\r\n<\/ul>\r\n<\/div><\/div>\r\n\r\n<\/div><!-- .row (end) -->\r\n\r\n<div class=\"clear\"><\/div><\/div><!-- .content_box (end) -->\r\n\r\n\r\n\r\n<\/div> <\/div>\r\n\r\n<!-- \/wp:post-content -->\r\n\r\n<\/div>\r\n<\/div>\r\n\r\n\r\n<\/div>\r\n<\/div>\r\n<\/div>\r\n\r\n\r\n<\/div>\r\n<\/div>\r\n<\/div>\r\n<!--vcv no format--><!-- \/wp:freeform -->","protected":false},"excerpt":{"rendered":"","protected":false},"author":1,"featured_media":0,"parent":0,"menu_order":0,"comment_status":"open","ping_status":"closed","template":"page-home.php","meta":{"footnotes":""},"class_list":["post-203","page","type-page","status-publish","hentry"],"_links":{"self":[{"href":"https:\/\/almeidaambiental.com.br\/equipamentos\/wp-json\/wp\/v2\/pages\/203","targetHints":{"allow":["GET"]}}],"collection":[{"href":"https:\/\/almeidaambiental.com.br\/equipamentos\/wp-json\/wp\/v2\/pages"}],"about":[{"href":"https:\/\/almeidaambiental.com.br\/equipamentos\/wp-json\/wp\/v2\/types\/page"}],"author":[{"embeddable":true,"href":"https:\/\/almeidaambiental.com.br\/equipamentos\/wp-json\/wp\/v2\/users\/1"}],"replies":[{"embeddable":true,"href":"https:\/\/almeidaambiental.com.br\/equipamentos\/wp-json\/wp\/v2\/comments?post=203"}],"version-history":[{"count":36,"href":"https:\/\/almeidaambiental.com.br\/equipamentos\/wp-json\/wp\/v2\/pages\/203\/revisions"}],"predecessor-version":[{"id":2988,"href":"https:\/\/almeidaambiental.com.br\/equipamentos\/wp-json\/wp\/v2\/pages\/203\/revisions\/2988"}],"wp:attachment":[{"href":"https:\/\/almeidaambiental.com.br\/equipamentos\/wp-json\/wp\/v2\/media?parent=203"}],"curies":[{"name":"wp","href":"https:\/\/api.w.org\/{rel}","templated":true}]}}