{"id":2670,"date":"2019-10-30T22:47:37","date_gmt":"2019-10-30T22:47:37","guid":{"rendered":"https:\/\/almeidaambiental.com.br\/equipamentos\/?page_id=2670"},"modified":"2022-06-01T21:36:46","modified_gmt":"2022-06-01T21:36:46","slug":"containeres","status":"publish","type":"page","link":"https:\/\/almeidaambiental.com.br\/equipamentos\/containeres\/","title":{"rendered":"Containeres"},"content":{"rendered":"<div class=\"vce-row-container\"><div class=\"vce-row vce-element--has-background vce-row--col-gap-30 vce-row-equal-height vce-row-content--middle\" data-vce-full-width=\"true\" id=\"el-fb4f81bf\" data-vce-do-apply=\"all el-fb4f81bf\"><div class=\"vce-content-background-container\"><\/div><div class=\"vce-row-content\" data-vce-element-content=\"true\"><div class=\"vce-col vce-col--md-49-98p vce-col--xs-1 vce-col--xs-last vce-col--xs-first vce-col--sm-last vce-col--sm-first vce-col--md-first vce-col--lg-first vce-col--xl-first\" id=\"el-e948bcc9\"><div class=\"vce-col-inner\" data-vce-do-apply=\"border margin background  el-e948bcc9\"><div class=\"vce-col-content\" data-vce-element-content=\"true\" data-vce-do-apply=\"padding el-e948bcc9\"><div class=\"vce-single-image-container vce-single-image--align-center\"><div class=\"vce vce-single-image-wrapper\" id=\"el-28a789bc\" data-vce-do-apply=\"all el-28a789bc\"><figure><div class=\"vce-single-image-figure-inner\" style=\"width: 800px;\"><div class=\"vce-single-image-inner vce-single-image--absolute\" style=\"width: 100%; padding-bottom: 92.75%;\"><img decoding=\"async\" class=\"vce-single-image\" src=\"https:\/\/almeidaambiental.com.br\/equipamentos\/wp-content\/uploads\/2019\/11\/foto_conteineres_principal.png\" data-img-src=\"https:\/\/almeidaambiental.com.br\/equipamentos\/wp-content\/uploads\/2019\/11\/foto_conteineres_principal.png\" alt=\"\" title=\"foto_conteineres_principal\"><\/div><\/div><figcaption hidden=\"\"><\/figcaption><\/figure><\/div><\/div><\/div><\/div><\/div><div class=\"vce-col vce-col--md-50-01p vce-col--xs-1 vce-col--xs-last vce-col--xs-first vce-col--sm-last vce-col--sm-first vce-col--md-last vce-col--lg-last vce-col--xl-last\" id=\"el-75b6b30c\"><div class=\"vce-col-inner\" data-vce-do-apply=\"border margin background  el-75b6b30c\"><div class=\"vce-col-content\" data-vce-element-content=\"true\" data-vce-do-apply=\"padding el-75b6b30c\"><div class=\"vce-google-fonts-heading vce-google-fonts-heading--align-left vce-google-fonts-heading--color-b-255-255-255--45--5C00FF--FF7200 vce-google-fonts-heading--font-family-Montserrat\"><div class=\"vce-google-fonts-heading-wrapper\"><div class=\"vce-google-fonts-heading--background vce\" id=\"el-feeb2b61\" data-vce-do-apply=\"border background  padding margin el-feeb2b61\"><h2 class=\"vce-google-fonts-heading-inner\" style=\"font-size: 60px; font-weight: 700; font-style: normal;\">Cont\u00eaineres<\/h2><\/div><\/div><\/div><div class=\"vce-google-fonts-heading vce-google-fonts-heading--align-left vce-google-fonts-heading--color-b-62-61-61--45--5C00FF--FF7200 vce-google-fonts-heading--font-family-Montserrat\"><div class=\"vce-google-fonts-heading-wrapper\"><div class=\"vce-google-fonts-heading--background vce\" id=\"el-14d1a234\" data-vce-do-apply=\"border background  padding margin el-14d1a234\"><h2 class=\"vce-google-fonts-heading-inner\" style=\"font-size: 60px; font-weight: 700; font-style: normal;\">Almeida<\/h2><\/div><\/div><\/div><div class=\"vce-text-block\"><div class=\"vce-text-block-wrapper vce\" id=\"el-92f1c669\" data-vce-do-apply=\"all el-92f1c669\"><h2 style=\"text-align: left; line-height: 0.75;\"><span style=\"color: #ffffff;\"><span style=\"font-size: 18.6667px;\">A solu\u00e7\u00e3o ideal para sua empresa<\/span><\/span><\/h2><\/div><\/div><div class=\"vce-button--style-basic-container vce-button--style-basic-container--align-left\"><span class=\"vce-button--style-basic-wrapper vce\" id=\"el-5e164fbf\" data-vce-do-apply=\"margin el-5e164fbf\"><a class=\"vce-button vce-button--style-basic vce-button--style-basic--border-round vce-button--style-basic--size-medium vce-button--style-basic--color-b-175-189-119--b-62-61-61\" href=\"https:\/\/almeidaambiental.com.br\/equipamentos\/seu-produto\/\" title=\"\" data-vce-do-apply=\"padding border background  el-5e164fbf\">Consulta do Produto<\/a><\/span><\/div><\/div><\/div><\/div><\/div><\/div><\/div><div class=\"vce-row-container\" data-vce-boxed-width=\"true\"><div class=\"vce-row vce-row--col-gap-30 vce-row-content--top\" id=\"el-cd6640b7\" data-vce-do-apply=\"all el-cd6640b7\"><div class=\"vce-content-background-container\"><\/div><div class=\"vce-row-content\" data-vce-element-content=\"true\"><div class=\"vce-col vce-col--md-auto vce-col--xs-1 vce-col--xs-last vce-col--xs-first vce-col--sm-last vce-col--sm-first vce-col--md-last vce-col--lg-last vce-col--xl-last vce-col--md-first vce-col--lg-first vce-col--xl-first\" id=\"el-dde7bce8\"><div class=\"vce-col-inner\" data-vce-do-apply=\"border margin background  el-dde7bce8\"><div class=\"vce-col-content\" data-vce-element-content=\"true\" data-vce-do-apply=\"padding el-dde7bce8\"><div class=\"vce-google-fonts-heading vce-google-fonts-heading--align-left vce-google-fonts-heading--color-empty--45--5C00FF--FF7200 vce-google-fonts-heading--font-family-Montserrat\"><div class=\"vce-google-fonts-heading-wrapper\"><div class=\"vce-google-fonts-heading--background vce\" id=\"el-166bc337\" data-vce-do-apply=\"border background  padding margin el-166bc337\"><h2 class=\"vce-google-fonts-heading-inner\" style=\"font-size: 40px; font-weight: 700; font-style: normal;\">A solu\u00e7\u00e3o completa<\/h2><\/div><\/div><\/div><div class=\"vce-text-block\"><div class=\"vce-text-block-wrapper vce\" id=\"el-2c380152\" data-vce-do-apply=\"all el-2c380152\"><h2 style=\"line-height: 0.75;\"><span style=\"font-size: 12pt;\">Pensando em oferecer solu\u00e7\u00f5es completas ao seu problema, a Almeida Equipamentos trouxe da \u00c1ustria o projeto de container para compactador de fuso cujo design facilita a sa\u00edda do material processado.<\/span><\/h2><h2 style=\"line-height: 0.75;\"><span style=\"font-size: 12pt;\"><br>Os cont\u00eaineres s\u00e3o constru\u00eddos com tubos de 4,75mm de espessura e chapas de acordo com a sua necessidade (3,25 ou 3,75 mm), garantindo uma estrutura robusta. Os cont\u00eaineres est\u00e3o dispon\u00edveis em dois tamanhos: 6,0 metros de comprimento (32 metros c\u00fabicos) ou 6,5 metros de comprimento (34 metros c\u00fabicos).<\/span><\/h2><h2 style=\"line-height: 0.75;\"><span style=\"font-size: 12pt;\"><br>Como opcional, oferecemos tamb\u00e9m o servi\u00e7o de jateamento do container, garantindo maior vida \u00fatil da pintura.<\/span><\/h2><h2 style=\"line-height: 0.75;\"><span style=\"font-size: 12pt;\"><br>Para dimens\u00f5es e caracter\u00edsticas especificas, consulte nossos especialistas.<\/span><\/h2><\/div><\/div><\/div><\/div><\/div><\/div><\/div><\/div><div class=\"vce-row-container\"><div class=\"vce-row vce-element--has-background vce-row--col-gap-30 vce-row-equal-height vce-row-content--top\" data-vce-full-width=\"true\" id=\"el-5d6cb9d5\" data-vce-do-apply=\"all el-5d6cb9d5\"><div class=\"vce-content-background-container\"><div class=\"vce-asset-background-simple-container vce-visible-all-only vce-asset-background-simple--style-cover vce-asset-background-simple--position-center-top\"><div class=\"vce-asset-background-simple\"><div class=\"vce-asset-background-simple-item\" style=\"background-image: url('https:\/\/almeidaambiental.com.br\/equipamentos\/wp-content\/uploads\/2019\/09\/fundo_verde.jpg');\"><\/div><\/div><\/div><\/div><div class=\"vce-row-content\" data-vce-element-content=\"true\"><div class=\"vce-col vce-col--md-68-78p vce-col--xs-1 vce-col--xs-last vce-col--xs-first vce-col--sm-last vce-col--sm-first vce-col--md-first vce-col--lg-first vce-col--xl-first\" id=\"el-ddbdb97e\"><div class=\"vce-col-inner\" data-vce-do-apply=\"border margin background  el-ddbdb97e\"><div class=\"vce-col-content\" data-vce-element-content=\"true\" data-vce-do-apply=\"padding el-ddbdb97e\"><div class=\"vce-image-gallery vce-image-gallery--gap-10 vce-image-gallery--columns-3\"><div class=\"vce-image-gallery-wrapper vce\" id=\"el-5c82170c\" data-vce-do-apply=\"all el-5c82170c\"><div class=\"vce-image-gallery-list\"><div class=\"vce-image-gallery-item\"><figure class=\"vce-image-gallery-item-inner-wrapper\"><a href=\"https:\/\/almeidaambiental.com.br\/equipamentos\/wp-content\/uploads\/2019\/11\/foto_conteineres_galeria_01.jpg\" data-lightbox=\"lightbox-5c82170c\" class=\"vce-image-gallery-item-inner\"><img decoding=\"async\" class=\"vce-image-gallery-img\" src=\"https:\/\/almeidaambiental.com.br\/equipamentos\/wp-content\/uploads\/2019\/11\/foto_conteineres_galeria_01.jpg\" alt=\"\" title=\"foto_conteineres_galeria_01\"><\/a><\/figure><\/div><div class=\"vce-image-gallery-item\"><figure class=\"vce-image-gallery-item-inner-wrapper\"><a href=\"https:\/\/almeidaambiental.com.br\/equipamentos\/wp-content\/uploads\/2019\/11\/foto_conteineres_galeria_02.jpg\" data-lightbox=\"lightbox-5c82170c\" class=\"vce-image-gallery-item-inner\"><img decoding=\"async\" class=\"vce-image-gallery-img\" src=\"https:\/\/almeidaambiental.com.br\/equipamentos\/wp-content\/uploads\/2019\/11\/foto_conteineres_galeria_02.jpg\" alt=\"\" title=\"foto_conteineres_galeria_02\"><\/a><\/figure><\/div><div class=\"vce-image-gallery-item\"><figure class=\"vce-image-gallery-item-inner-wrapper\"><a href=\"https:\/\/almeidaambiental.com.br\/equipamentos\/wp-content\/uploads\/2019\/11\/foto_conteineres_galeria_03.jpg\" data-lightbox=\"lightbox-5c82170c\" class=\"vce-image-gallery-item-inner\"><img decoding=\"async\" class=\"vce-image-gallery-img\" src=\"https:\/\/almeidaambiental.com.br\/equipamentos\/wp-content\/uploads\/2019\/11\/foto_conteineres_galeria_03.jpg\" alt=\"\" title=\"foto_conteineres_galeria_03\"><\/a><\/figure><\/div><div class=\"vce-image-gallery-item\"><figure class=\"vce-image-gallery-item-inner-wrapper\"><a href=\"https:\/\/almeidaambiental.com.br\/equipamentos\/wp-content\/uploads\/2019\/11\/foto_conteineres_galeria_04.jpg\" data-lightbox=\"lightbox-5c82170c\" class=\"vce-image-gallery-item-inner\"><img decoding=\"async\" class=\"vce-image-gallery-img vce-image-gallery-img--orientation-portrait\" src=\"https:\/\/almeidaambiental.com.br\/equipamentos\/wp-content\/uploads\/2019\/11\/foto_conteineres_galeria_04-768x1024.jpg\" alt=\"\" title=\"foto_conteineres_galeria_04\"><\/a><\/figure><\/div><div class=\"vce-image-gallery-item\"><figure class=\"vce-image-gallery-item-inner-wrapper\"><a href=\"https:\/\/almeidaambiental.com.br\/equipamentos\/wp-content\/uploads\/2019\/11\/foto_conteineres_galeria_05.jpg\" data-lightbox=\"lightbox-5c82170c\" class=\"vce-image-gallery-item-inner\"><img decoding=\"async\" class=\"vce-image-gallery-img\" src=\"https:\/\/almeidaambiental.com.br\/equipamentos\/wp-content\/uploads\/2019\/11\/foto_conteineres_galeria_05.jpg\" alt=\"\" title=\"foto_conteineres_galeria_05\"><\/a><\/figure><\/div><div class=\"vce-image-gallery-item\"><figure class=\"vce-image-gallery-item-inner-wrapper\"><a href=\"https:\/\/almeidaambiental.com.br\/equipamentos\/wp-content\/uploads\/2019\/11\/foto_conteineres_galeria_06.jpg\" data-lightbox=\"lightbox-5c82170c\" class=\"vce-image-gallery-item-inner\"><img decoding=\"async\" class=\"vce-image-gallery-img\" src=\"https:\/\/almeidaambiental.com.br\/equipamentos\/wp-content\/uploads\/2019\/11\/foto_conteineres_galeria_06.jpg\" alt=\"\" title=\"foto_conteineres_galeria_06\"><\/a><\/figure><\/div><\/div><\/div><\/div><\/div><\/div><\/div><div class=\"vce-col vce-col--md-31-2p vce-col--xs-1 vce-col--xs-last vce-col--xs-first vce-col--sm-last vce-col--sm-first vce-col--md-last vce-col--lg-last vce-col--xl-last\" id=\"el-501da687\"><div class=\"vce-col-inner\" data-vce-do-apply=\"border margin background  el-501da687\"><div class=\"vce-col-content\" data-vce-element-content=\"true\" data-vce-do-apply=\"padding el-501da687\"><div class=\"vce-text-block\"><div class=\"vce-text-block-wrapper vce\" id=\"el-00fdeb6a\" data-vce-do-apply=\"all el-00fdeb6a\"><h2 style=\"line-height: 1;\"><span style=\"color: #ffffff; font-size: 36pt;\">Galeria <\/span><br><span style=\"color: #ffffff; font-size: 36pt;\">de fotos<\/span><\/h2><p>&nbsp;<\/p><\/div><\/div><\/div><\/div><\/div><\/div><\/div><\/div><div class=\"vce-row-container\" data-vce-boxed-width=\"true\"><div class=\"vce-row vce-row--col-gap-30 vce-row-content--top\" id=\"el-a4df0109\" data-vce-do-apply=\"all el-a4df0109\"><div class=\"vce-content-background-container\"><\/div><div class=\"vce-row-content\" data-vce-element-content=\"true\"><div class=\"vce-col vce-col--md-auto vce-col--xs-1 vce-col--xs-last vce-col--xs-first vce-col--sm-last vce-col--sm-first vce-col--md-last vce-col--lg-last vce-col--xl-last vce-col--md-first vce-col--lg-first vce-col--xl-first\" id=\"el-9c32d1f0\"><div class=\"vce-col-inner\" data-vce-do-apply=\"border margin background  el-9c32d1f0\"><div class=\"vce-col-content\" data-vce-element-content=\"true\" data-vce-do-apply=\"padding el-9c32d1f0\"><div class=\"vce-google-fonts-heading vce-google-fonts-heading--align-left vce-google-fonts-heading--color-empty--45--5C00FF--FF7200 vce-google-fonts-heading--font-family-Montserrat\"><div class=\"vce-google-fonts-heading-wrapper\"><div class=\"vce-google-fonts-heading--background vce\" id=\"el-45899c86\" data-vce-do-apply=\"border background  padding margin el-45899c86\"><h2 class=\"vce-google-fonts-heading-inner\" style=\"font-size: 40px; font-weight: 700; font-style: normal;\">Conhe\u00e7a outros produtos<\/h2><\/div><\/div><\/div><\/div><\/div><\/div><\/div><\/div><\/div><div class=\"vce-row-container\" data-vce-boxed-width=\"true\"><div class=\"vce-row vce-row--col-gap-30 vce-row-content--top\" id=\"el-1488456b\" data-vce-do-apply=\"all el-1488456b\"><div class=\"vce-content-background-container\"><\/div><div class=\"vce-row-content\" data-vce-element-content=\"true\"><div class=\"vce-col vce-col--md-auto vce-col--xs-1 vce-col--xs-last vce-col--xs-first vce-col--sm-last vce-col--sm-first vce-col--md-first vce-col--lg-first vce-col--xl-first\" id=\"el-c4ea2e99\"><div class=\"vce-col-inner\" data-vce-do-apply=\"border margin background  el-c4ea2e99\"><div class=\"vce-col-content\" data-vce-element-content=\"true\" data-vce-do-apply=\"padding el-c4ea2e99\"><div class=\"vce-single-image-container vce-single-image--align-left\"><div class=\"vce vce-single-image-wrapper\" id=\"el-00ec8003\" data-vce-do-apply=\"all el-00ec8003\"><figure><div class=\"vce-single-image-figure-inner\" style=\"width: 777px;\"><a href=\"https:\/\/almeidaambiental.com.br\/equipamentos\/prensas\/\" title=\"\" class=\"vce-single-image-inner vce-single-image--absolute\" style=\"width: 100%; padding-bottom: 64.3501%;\"><img loading=\"lazy\" decoding=\"async\" class=\"vce-single-image\"  width=\"777\" height=\"500\" srcset=\"https:\/\/almeidaambiental.com.br\/equipamentos\/wp-content\/uploads\/2022\/06\/foto_produtos_rodape_prensas-320x206.jpg 320w,https:\/\/almeidaambiental.com.br\/equipamentos\/wp-content\/uploads\/2022\/06\/foto_produtos_rodape_prensas-480x309.jpg 480w,https:\/\/almeidaambiental.com.br\/equipamentos\/wp-content\/uploads\/2022\/06\/foto_produtos_rodape_prensas-777x500.jpg 777w\" src=\"https:\/\/almeidaambiental.com.br\/equipamentos\/wp-content\/uploads\/2022\/06\/foto_produtos_rodape_prensas-777x500.jpg\" data-img-src=\"https:\/\/almeidaambiental.com.br\/equipamentos\/wp-content\/uploads\/2019\/07\/foto_produtos_rodape_prensas.jpg\" alt=\"\" title=\"foto_produtos_rodape_prensas\" \/><\/a><\/div><figcaption hidden=\"\"><\/figcaption><\/figure><\/div><\/div><div class=\"vce-text-block\"><div class=\"vce-text-block-wrapper vce\" id=\"el-db7ee949\" data-vce-do-apply=\"all el-db7ee949\"><h2><a href=\"https:\/\/almeidaambiental.com.br\/equipamentos\/prensas\/\">Prensas<\/a><\/h2><\/div><\/div><\/div><\/div><\/div><div class=\"vce-col vce-col--md-auto vce-col--xs-1 vce-col--xs-last vce-col--xs-first vce-col--sm-last vce-col--sm-first\" id=\"el-86a633fa\"><div class=\"vce-col-inner\" data-vce-do-apply=\"border margin background  el-86a633fa\"><div class=\"vce-col-content\" data-vce-element-content=\"true\" data-vce-do-apply=\"padding el-86a633fa\"><div class=\"vce-single-image-container vce-single-image--align-left\"><div class=\"vce vce-single-image-wrapper\" id=\"el-1996f4df\" data-vce-do-apply=\"all el-1996f4df\"><figure><div class=\"vce-single-image-figure-inner\" style=\"width: 777px;\"><a href=\"https:\/\/almeidaambiental.com.br\/equipamentos\/compactador-hidraulico\/\" title=\"\" class=\"vce-single-image-inner vce-single-image--absolute\" style=\"width: 100%; padding-bottom: 64.3501%;\"><img loading=\"lazy\" decoding=\"async\" class=\"vce-single-image\"  width=\"777\" height=\"500\" srcset=\"https:\/\/almeidaambiental.com.br\/equipamentos\/wp-content\/uploads\/2022\/06\/foto_produtos_rodape_compactador_hidraulico-320x206.jpg 320w,https:\/\/almeidaambiental.com.br\/equipamentos\/wp-content\/uploads\/2022\/06\/foto_produtos_rodape_compactador_hidraulico-480x309.jpg 480w,https:\/\/almeidaambiental.com.br\/equipamentos\/wp-content\/uploads\/2022\/06\/foto_produtos_rodape_compactador_hidraulico-777x500.jpg 777w\" src=\"https:\/\/almeidaambiental.com.br\/equipamentos\/wp-content\/uploads\/2022\/06\/foto_produtos_rodape_compactador_hidraulico-777x500.jpg\" data-img-src=\"https:\/\/almeidaambiental.com.br\/equipamentos\/wp-content\/uploads\/2019\/11\/foto_produtos_rodape_compactador_hidraulico.jpg\" alt=\"\" title=\"foto_produtos_rodape_compactador_hidraulico\" \/><\/a><\/div><figcaption hidden=\"\"><\/figcaption><\/figure><\/div><\/div><div class=\"vce-text-block\"><div class=\"vce-text-block-wrapper vce\" id=\"el-9096522a\" data-vce-do-apply=\"all el-9096522a\"><h2><a href=\"https:\/\/almeidaambiental.com.br\/equipamentos\/compactador-hidraulico\/\">Compactador Hidr\u00e1ulico<\/a><\/h2><\/div><\/div><\/div><\/div><\/div><div class=\"vce-col vce-col--md-auto vce-col--xs-1 vce-col--xs-last vce-col--xs-first vce-col--sm-last vce-col--sm-first vce-col--md-last vce-col--lg-last vce-col--xl-last\" id=\"el-24a4ecc9\"><div class=\"vce-col-inner\" data-vce-do-apply=\"border margin background  el-24a4ecc9\"><div class=\"vce-col-content\" data-vce-element-content=\"true\" data-vce-do-apply=\"padding el-24a4ecc9\"><div class=\"vce-single-image-container vce-single-image--align-left\"><div class=\"vce vce-single-image-wrapper\" id=\"el-151fb3cf\" data-vce-do-apply=\"all el-151fb3cf\"><figure><div class=\"vce-single-image-figure-inner\" style=\"width: 777px;\"><a href=\"https:\/\/almeidaambiental.com.br\/equipamentos\/compactador-de-rosca\/\" title=\"\" class=\"vce-single-image-inner vce-single-image--absolute\" style=\"width: 100%; padding-bottom: 64.3501%;\"><img loading=\"lazy\" decoding=\"async\" class=\"vce-single-image\"  width=\"777\" height=\"500\" srcset=\"https:\/\/almeidaambiental.com.br\/equipamentos\/wp-content\/uploads\/2022\/06\/foto_produtos_rodape_compactador_rosca-320x206.jpg 320w,https:\/\/almeidaambiental.com.br\/equipamentos\/wp-content\/uploads\/2022\/06\/foto_produtos_rodape_compactador_rosca-480x309.jpg 480w,https:\/\/almeidaambiental.com.br\/equipamentos\/wp-content\/uploads\/2022\/06\/foto_produtos_rodape_compactador_rosca-777x500.jpg 777w\" src=\"https:\/\/almeidaambiental.com.br\/equipamentos\/wp-content\/uploads\/2022\/06\/foto_produtos_rodape_compactador_rosca-777x500.jpg\" data-img-src=\"https:\/\/almeidaambiental.com.br\/equipamentos\/wp-content\/uploads\/2019\/11\/foto_produtos_rodape_compactador_rosca.jpg\" alt=\"\" title=\"foto_produtos_rodape_compactador_rosca\" \/><\/a><\/div><figcaption hidden=\"\"><\/figcaption><\/figure><\/div><\/div><div class=\"vce-text-block\"><div class=\"vce-text-block-wrapper vce\" id=\"el-95aa0f43\" data-vce-do-apply=\"all el-95aa0f43\"><h2><a href=\"https:\/\/almeidaambiental.com.br\/equipamentos\/compactador-de-rosca\/\">Compactador de Rosca<\/a><\/h2><\/div><\/div><\/div><\/div><\/div><\/div><\/div><\/div>\n","protected":false},"excerpt":{"rendered":"Cont\u00eaineresAlmeidaA solu\u00e7\u00e3o ideal para sua empresaConsulta do ProdutoA solu\u00e7\u00e3o completaPensando em oferecer solu\u00e7\u00f5es completas ao seu problema, a Almeida Equipamentos trouxe da \u00c1ustria o projeto de container para compactador de fuso cujo design facilita a sa\u00edda do material processado.Os cont\u00eaineres s\u00e3o constru\u00eddos com tubos de 4,75mm de espessura e chapas de acordo com a sua necessidade (3,25 ou 3,75 mm),&nbsp;<a href=\"https:\/\/almeidaambiental.com.br\/equipamentos\/containeres\/\" class=\"read-more\">Continue Reading<\/a>","protected":false},"author":1,"featured_media":0,"parent":0,"menu_order":0,"comment_status":"closed","ping_status":"closed","template":"page-fullwidth.php","meta":{"footnotes":""},"class_list":["post-2670","page","type-page","status-publish","hentry"],"_links":{"self":[{"href":"https:\/\/almeidaambiental.com.br\/equipamentos\/wp-json\/wp\/v2\/pages\/2670","targetHints":{"allow":["GET"]}}],"collection":[{"href":"https:\/\/almeidaambiental.com.br\/equipamentos\/wp-json\/wp\/v2\/pages"}],"about":[{"href":"https:\/\/almeidaambiental.com.br\/equipamentos\/wp-json\/wp\/v2\/types\/page"}],"author":[{"embeddable":true,"href":"https:\/\/almeidaambiental.com.br\/equipamentos\/wp-json\/wp\/v2\/users\/1"}],"replies":[{"embeddable":true,"href":"https:\/\/almeidaambiental.com.br\/equipamentos\/wp-json\/wp\/v2\/comments?post=2670"}],"version-history":[{"count":7,"href":"https:\/\/almeidaambiental.com.br\/equipamentos\/wp-json\/wp\/v2\/pages\/2670\/revisions"}],"predecessor-version":[{"id":2970,"href":"https:\/\/almeidaambiental.com.br\/equipamentos\/wp-json\/wp\/v2\/pages\/2670\/revisions\/2970"}],"wp:attachment":[{"href":"https:\/\/almeidaambiental.com.br\/equipamentos\/wp-json\/wp\/v2\/media?parent=2670"}],"curies":[{"name":"wp","href":"https:\/\/api.w.org\/{rel}","templated":true}]}}